{"id":2652,"date":"2024-12-11T07:39:27","date_gmt":"2024-12-11T07:39:27","guid":{"rendered":"https:\/\/shop.catsynth.de\/about-us\/"},"modified":"2025-12-03T10:11:26","modified_gmt":"2025-12-03T10:11:26","slug":"about-us","status":"publish","type":"page","link":"https:\/\/shop.catsynth.de\/en\/about-us\/","title":{"rendered":"About Us"},"content":{"rendered":"\t\t<div data-elementor-type=\"wp-page\" data-elementor-id=\"2652\" class=\"elementor elementor-2652 elementor-1351\" data-elementor-post-type=\"page\">\n\t\t\t\t<div class=\"elementor-element elementor-element-29f5bd3 e-con-full e-flex e-con e-parent\" data-id=\"29f5bd3\" data-element_type=\"container\" data-e-type=\"container\">\n\t\t\t\t<div class=\"elementor-element elementor-element-0f9079b elementor-widget elementor-widget-fynode-page-banner\" data-id=\"0f9079b\" data-element_type=\"widget\" data-e-type=\"widget\" data-widget_type=\"fynode-page-banner.default\">\n\t\t\t\t<div class=\"elementor-widget-container\">\n\t\t\t\t\t<div class=\"site-page-header klb-page-banner style-1\"><div class=\"container\"><div class=\"site-page-header-inner\"><h1 class=\"entry-title\">\u00dcber uns \u2013 CatSynth Dr. Z\u00fclch<\/h1><div class=\"entry-description\"><p>Slimline-Module. Klare Funktion. Verl\u00e4sslicher Klang.<\/p><\/div><!-- New Arrival --><\/div><!-- site-page-header-inner --><\/div><!-- container --><\/div><!-- site-page-header -->\t\t\t\t<\/div>\n\t\t\t\t<\/div>\n\t\t\t\t<\/div>\n\t\t<div class=\"elementor-element elementor-element-324bd6a e-flex e-con-boxed e-con e-parent\" data-id=\"324bd6a\" data-element_type=\"container\" data-e-type=\"container\">\n\t\t\t\t\t<div class=\"e-con-inner\">\n\t\t\t\t<div class=\"elementor-element elementor-element-b2fbd9e elementor-widget elementor-widget-text-editor\" data-id=\"b2fbd9e\" data-element_type=\"widget\" data-e-type=\"widget\" data-widget_type=\"text-editor.default\">\n\t\t\t\t\t\t\t\t\t<p>CatSynth Dr. Z\u00fclch is a small, passionate Eurorack module company, founded on the idea of combining precise engineering with the playful openness of modular synthesis. We develop compact, reliable tools for musicians and sonic explorers who would rather patch than scroll. <\/p>\t\t\t\t\t\t\t\t<\/div>\n\t\t\t\t\t<\/div>\n\t\t\t\t<\/div>\n\t\t<div class=\"elementor-element elementor-element-2f74dd9 e-flex e-con-boxed e-con e-parent\" data-id=\"2f74dd9\" data-element_type=\"container\" data-e-type=\"container\">\n\t\t\t\t\t<div class=\"e-con-inner\">\n\t\t\t\t<div class=\"elementor-element elementor-element-0a99a07 elementor-widget elementor-widget-heading\" data-id=\"0a99a07\" data-element_type=\"widget\" data-e-type=\"widget\" data-widget_type=\"heading.default\">\n\t\t\t\t\t<h2 class=\"elementor-heading-title elementor-size-default\">What we stand for<\/h2>\t\t\t\t<\/div>\n\t\t\t\t<div class=\"elementor-element elementor-element-c6720c3 elementor-widget elementor-widget-text-editor\" data-id=\"c6720c3\" data-element_type=\"widget\" data-e-type=\"widget\" data-widget_type=\"text-editor.default\">\n\t\t\t\t\t\t\t\t\t<p>Our commitment is to clarity: in function, in sound, and in communication. A CatSynth module should be immediately understandable, respond in a musically meaningful way, and fit into any setup \u2013 from the very first rack to a complex live system. For us, \u201ccompact\u201d doesn\u2019t mean \u201ccompromised\u201d, it means \u201cfocused on what matters\u201d.  <\/p>\t\t\t\t\t\t\t\t<\/div>\n\t\t\t\t\t<\/div>\n\t\t\t\t<\/div>\n\t\t<div class=\"elementor-element elementor-element-93bcb54 e-flex e-con-boxed e-con e-parent\" data-id=\"93bcb54\" data-element_type=\"container\" data-e-type=\"container\">\n\t\t\t\t\t<div class=\"e-con-inner\">\n\t\t<div class=\"elementor-element elementor-element-0afd978 e-con-full e-flex e-con e-child\" data-id=\"0afd978\" data-element_type=\"container\" data-e-type=\"container\">\n\t\t\t\t<div class=\"elementor-element elementor-element-2e95a53 elementor-widget elementor-widget-image\" data-id=\"2e95a53\" data-element_type=\"widget\" data-e-type=\"widget\" data-widget_type=\"image.default\">\n\t\t\t\t\t\t\t\t\t\t\t\t\t\t\t<img decoding=\"async\" src=\"https:\/\/shop.catsynth.de\/wp-content\/uploads\/elementor\/thumbs\/10_100_10007_4_Slimline_4Ch_Mixer_Main-rel4ezkz7wj37at8fj0xmt2w740cs9hzei3e261afs.png\" title=\"10_100_10007_4_Slimline_4Ch_Mixer_Main\" alt=\"CatSynth Slimline 4Ch Mixer, scenic view\" loading=\"lazy\" \/>\t\t\t\t\t\t\t\t\t\t\t\t\t\t\t<\/div>\n\t\t\t\t<\/div>\n\t\t<div class=\"elementor-element elementor-element-94c8b81 e-con-full e-flex e-con e-child\" data-id=\"94c8b81\" data-element_type=\"container\" data-e-type=\"container\">\n\t\t\t\t<div class=\"elementor-element elementor-element-8aacd43 elementor-widget elementor-widget-heading\" data-id=\"8aacd43\" data-element_type=\"widget\" data-e-type=\"widget\" data-widget_type=\"heading.default\">\n\t\t\t\t\t<h2 class=\"elementor-heading-title elementor-size-default\">What we build<\/h2>\t\t\t\t<\/div>\n\t\t\t\t<div class=\"elementor-element elementor-element-35f89ec elementor-widget elementor-widget-text-editor\" data-id=\"35f89ec\" data-element_type=\"widget\" data-e-type=\"widget\" data-widget_type=\"text-editor.default\">\n\t\t\t\t\t\t\t\t\t<p data-start=\"1186\" data-end=\"1262\">We\u2019re best known for our slim 2HP \u201cSlimline\u201d modules, which make classic building blocks of the modular world accessible in the smallest of spaces. Complementing these, we design thoughtful utilities and helpers that streamline workflows, keep your groove steady, and speed up creative decision-making. <\/p>\t\t\t\t\t\t\t\t<\/div>\n\t\t\t\t<div class=\"elementor-element elementor-element-da08c1e elementor-widget elementor-widget-heading\" data-id=\"da08c1e\" data-element_type=\"widget\" data-e-type=\"widget\" data-widget_type=\"heading.default\">\n\t\t\t\t\t<h2 class=\"elementor-heading-title elementor-size-default\"><h2 data-start=\"1102\" data-end=\"1121\">How we work<span style=\"font-size: 2rem;letter-spacing: -0.8px\"><\/span><\/h2><\/h2>\t\t\t\t<\/div>\n\t\t\t\t<div class=\"elementor-element elementor-element-ddff69c elementor-widget elementor-widget-text-editor\" data-id=\"ddff69c\" data-element_type=\"widget\" data-e-type=\"widget\" data-widget_type=\"text-editor.default\">\n\t\t\t\t\t\t\t\t\t<p>Development and testing are carried out with a strong focus on robustness, repeatable behaviour, and clear specifications. Every circuit undergoes iterative measurement and listening tests before it goes into production. We manufacture in small batches with reliable partners, test every module, and place great value on documented, traceable quality \u2013 from the individual component to the final inspection.  <\/p>\t\t\t\t\t\t\t\t<\/div>\n\t\t\t\t<div class=\"elementor-element elementor-element-2a1940c elementor-widget elementor-widget-heading\" data-id=\"2a1940c\" data-element_type=\"widget\" data-e-type=\"widget\" data-widget_type=\"heading.default\">\n\t\t\t\t\t<h2 class=\"elementor-heading-title elementor-size-default\">Availability<\/h2>\t\t\t\t<\/div>\n\t\t\t\t<div class=\"elementor-element elementor-element-78c15bd elementor-widget elementor-widget-text-editor\" data-id=\"78c15bd\" data-element_type=\"widget\" data-e-type=\"widget\" data-widget_type=\"text-editor.default\">\n\t\t\t\t\t\t\t\t\t<p>You can get our modules within the EU directly from our webshop at shop.catsynth.de.<\/p><p>For international customers, we work with selected distribution partners, including Juno (UK). This keeps access straightforward, no matter where your rack is located. <\/p>\t\t\t\t\t\t\t\t<\/div>\n\t\t\t\t<div class=\"elementor-element elementor-element-35f0b0e elementor-widget elementor-widget-heading\" data-id=\"35f0b0e\" data-element_type=\"widget\" data-e-type=\"widget\" data-widget_type=\"heading.default\">\n\t\t\t\t\t<h2 class=\"elementor-heading-title elementor-size-default\"><h2 data-start=\"2566\" data-end=\"2584\">Looking ahead<span style=\"font-size: 2rem;letter-spacing: -0.8px\"><\/span><\/h2><\/h2>\t\t\t\t<\/div>\n\t\t\t\t<div class=\"elementor-element elementor-element-aee426e elementor-widget elementor-widget-text-editor\" data-id=\"aee426e\" data-element_type=\"widget\" data-e-type=\"widget\" data-widget_type=\"text-editor.default\">\n\t\t\t\t\t\t\t\t\t<p>We stay curious: new circuits, new production methods, new ideas. What we release is meant to last \u2013 as a reliable building block that grows with your system instead of clogging it up. When you have CatSynth in your rack, it should feel like that module was always meant to be there.  <\/p><section><\/section>\t\t\t\t\t\t\t\t<\/div>\n\t\t\t\t<\/div>\n\t\t\t\t\t<\/div>\n\t\t\t\t<\/div>\n\t\t\t\t<\/div>\n\t\t","protected":false},"excerpt":{"rendered":"<p>\u00dcber uns \u2013 CatSynth Dr. Z\u00fclch Slimline-Module. Klare Funktion. Verl\u00e4sslicher Klang. CatSynth Dr. Z\u00fclch is a small, passionate Eurorack module company, founded on the idea of combining precise engineering with the playful openness of modular synthesis. We develop compact, reliable tools for musicians and sonic explorers who would rather patch than scroll. What we stand<\/p>\n<div class=\"klb-readmore post-buttons\"><a class=\"btn btn-black btn-rounded\" href=\"https:\/\/shop.catsynth.de\/en\/about-us\/\">Read More <i class=\"klbth-icon-right-arrow\"><\/i><\/a><\/div>\n","protected":false},"author":2,"featured_media":0,"parent":0,"menu_order":0,"comment_status":"closed","ping_status":"closed","template":"","meta":{"footnotes":""},"class_list":["post-2652","page","type-page","status-publish","hentry"],"_links":{"self":[{"href":"https:\/\/shop.catsynth.de\/en\/wp-json\/wp\/v2\/pages\/2652","targetHints":{"allow":["GET"]}}],"collection":[{"href":"https:\/\/shop.catsynth.de\/en\/wp-json\/wp\/v2\/pages"}],"about":[{"href":"https:\/\/shop.catsynth.de\/en\/wp-json\/wp\/v2\/types\/page"}],"author":[{"embeddable":true,"href":"https:\/\/shop.catsynth.de\/en\/wp-json\/wp\/v2\/users\/2"}],"replies":[{"embeddable":true,"href":"https:\/\/shop.catsynth.de\/en\/wp-json\/wp\/v2\/comments?post=2652"}],"version-history":[{"count":3,"href":"https:\/\/shop.catsynth.de\/en\/wp-json\/wp\/v2\/pages\/2652\/revisions"}],"predecessor-version":[{"id":2656,"href":"https:\/\/shop.catsynth.de\/en\/wp-json\/wp\/v2\/pages\/2652\/revisions\/2656"}],"wp:attachment":[{"href":"https:\/\/shop.catsynth.de\/en\/wp-json\/wp\/v2\/media?parent=2652"}],"curies":[{"name":"wp","href":"https:\/\/api.w.org\/{rel}","templated":true}]}}