{"id":2896,"date":"2025-11-02T05:49:53","date_gmt":"2025-11-02T05:49:53","guid":{"rendered":"https:\/\/shop.catsynth.de\/produkt\/slimline-delay\/"},"modified":"2025-11-02T05:49:53","modified_gmt":"2025-11-02T05:49:53","slug":"slimline-delay","status":"publish","type":"product","link":"https:\/\/shop.catsynth.de\/fr\/produkt\/slimline-delay\/","title":{"rendered":"Slimline Delay"},"content":{"rendered":"<p>D\u00e9couvre un contr\u00f4le puissant et une grande polyvalence avec notre Slimline Delay au format 2HP pour Eurorack. Gr\u00e2ce \u00e0 ses nombreuses fonctions de modulation et de mise en forme du signal, ce module de delay sp\u00e9cialis\u00e9 peut transformer en profondeur tes paysages sonores.<\/p>\n<ul>\n<li><strong>Format ultra compact<\/strong><br \/>\nMalgr\u00e9 sa largeur de seulement 2HP, le module Delay s\u2019int\u00e8gre facilement dans presque tous les syst\u00e8mes Eurorack et te laisse un maximum de place pour d\u2019autres modules.<\/li>\n<li><strong>R\u00e9glage manuel du temps de delay<\/strong><br \/>\nContr\u00f4le le temps de delay \u00e0 la main pour ajouter de subtiles r\u00e9p\u00e9titions, des \u00e9chos marqu\u00e9s ou des d\u00e9calages rythmiques \u00e0 tes sons \u2013 id\u00e9al pour cr\u00e9er des variations et des textures sonores originales.<\/li>\n<li><strong>Contr\u00f4le manuel du feedback<\/strong><br \/>\nAjuste le feedback pour d\u00e9terminer l\u2019intensit\u00e9 et la dur\u00e9e des r\u00e9p\u00e9titions, des \u00e9chos courts et discrets jusqu\u2019aux effets plus denses et auto-oscillants.<\/li>\n<li><strong>R\u00e9glage manuel du mix<\/strong><br \/>\nAvec le contr\u00f4le wet\/dry, tu d\u00e9finis pr\u00e9cis\u00e9ment la proportion entre le signal direct et le signal trait\u00e9, afin de trouver le point d\u2019\u00e9quilibre parfait pour tes performances et productions.<\/li>\n<li><strong>Temps de delay contr\u00f4l\u00e9 par CV<\/strong><br \/>\nAjoute une dimension encore plus dynamique \u00e0 tes patches en modulant le temps de delay par tension de contr\u00f4le. Cr\u00e9e des effets de pitch shifting, des mouvements rythmiques \u00e9volutifs et des soundscapes en constante mutation.<\/li>\n<\/ul>\n<p>Explore de nouvelles dimensions de design sonore avec le module Slimline Delay, qui apporte des possibilit\u00e9s professionnelles dans un format extr\u00eamement compact.<\/p>\n","protected":false},"excerpt":{"rendered":"<ul>\n<li>Module<\/li>\n<li>C\u00e2ble bus 16&nbsp;broches \/ 10&nbsp;broches, 30&nbsp;cm<\/li>\n<li>2x vis M2.5&#215;9 cruciforme<\/li>\n<li>2x vis M3x9 cruciforme<\/li>\n<\/ul>\n<p><a href=\"https:\/\/shop.catsynth.de\/wp-content\/uploads\/2025\/11\/Manual-2.pdf\">Manuel Slimline Delay<\/a><\/p>\n","protected":false},"featured_media":2897,"comment_status":"open","ping_status":"closed","template":"","meta":[],"product_brand":[],"product_cat":[189,192],"product_tag":[],"class_list":{"0":"post-2896","1":"product","2":"type-product","3":"status-publish","4":"has-post-thumbnail","6":"product_cat-modules-eurorack","7":"product_cat-slimlime","9":"first","10":"instock","11":"purchasable","12":"product-type-simple"},"_links":{"self":[{"href":"https:\/\/shop.catsynth.de\/fr\/wp-json\/wp\/v2\/product\/2896","targetHints":{"allow":["GET"]}}],"collection":[{"href":"https:\/\/shop.catsynth.de\/fr\/wp-json\/wp\/v2\/product"}],"about":[{"href":"https:\/\/shop.catsynth.de\/fr\/wp-json\/wp\/v2\/types\/product"}],"replies":[{"embeddable":true,"href":"https:\/\/shop.catsynth.de\/fr\/wp-json\/wp\/v2\/comments?post=2896"}],"wp:featuredmedia":[{"embeddable":true,"href":"https:\/\/shop.catsynth.de\/fr\/wp-json\/wp\/v2\/media\/2897"}],"wp:attachment":[{"href":"https:\/\/shop.catsynth.de\/fr\/wp-json\/wp\/v2\/media?parent=2896"}],"wp:term":[{"taxonomy":"product_brand","embeddable":true,"href":"https:\/\/shop.catsynth.de\/fr\/wp-json\/wp\/v2\/product_brand?post=2896"},{"taxonomy":"product_cat","embeddable":true,"href":"https:\/\/shop.catsynth.de\/fr\/wp-json\/wp\/v2\/product_cat?post=2896"},{"taxonomy":"product_tag","embeddable":true,"href":"https:\/\/shop.catsynth.de\/fr\/wp-json\/wp\/v2\/product_tag?post=2896"}],"curies":[{"name":"wp","href":"https:\/\/api.w.org\/{rel}","templated":true}]}}