{"id":3091,"date":"2025-12-11T13:13:37","date_gmt":"2025-12-11T13:13:37","guid":{"rendered":"https:\/\/shop.catsynth.de\/?post_type=product&#038;p=3091"},"modified":"2026-02-10T18:52:50","modified_gmt":"2026-02-10T18:52:50","slug":"slimline-single-buffered-multiple","status":"publish","type":"product","link":"https:\/\/shop.catsynth.de\/fr\/produkt\/slimline-single-buffered-multiple\/","title":{"rendered":"Slimline Single Buffered Multiple"},"content":{"rendered":"<p>\u00c9largissez les possibilit\u00e9s de votre syst\u00e8me Eurorack avec notre Slimline Single Buffered Multiple de 2HP. Ce module utilitaire ultra-compact vous permet de distribuer proprement un m\u00eame signal vers plusieurs destinations, sans chute de tension ni influence ind\u00e9sirable entre les modules. Qu\u2019il s\u2019agisse de CV de hauteur, de clocks, d\u2019enveloppes ou de signaux audio, le Single Buffered Multiple garde vos patchs stables et pr\u00e9visibles.<\/p>\n<ul>\n<li><strong>Format ultra-compact 2HP<\/strong><br \/>\nAvec une largeur de seulement 2HP, le module trouve facilement sa place dans n\u2019importe quel bo\u00eetier Eurorack et laisse de la place pour d\u2019autres modules cr\u00e9atifs.<\/li>\n<li><strong>Sept sorties<\/strong><br \/>\nSept sorties tamponn\u00e9es permettent d\u2019envoyer simultan\u00e9ment le m\u00eame signal vers de nombreuses destinations \u2013 id\u00e9al lorsqu\u2019une seule source de modulation doit contr\u00f4ler plusieurs param\u00e8tres ou lorsqu\u2019une clock doit alimenter plusieurs s\u00e9quenceurs.<\/li>\n<li><strong>Sorties tamponn\u00e9es<\/strong><br \/>\nLes sorties activement tamponn\u00e9es garantissent des niveaux de tension stables et justes, m\u00eame lorsque de nombreux modules sont aliment\u00e9s \u00e0 partir de la m\u00eame source.<\/li>\n<li><strong>LED pour les signaux d\u2019entr\u00e9e positifs<\/strong><br \/>\nLa LED int\u00e9gr\u00e9e s\u2019allume lorsqu\u2019une tension positive est pr\u00e9sente \u00e0 l\u2019entr\u00e9e, offrant un retour visuel imm\u00e9diat lors du patching et du d\u00e9pannage de patchs complexes.<\/li>\n<li><strong>Flexibilit\u00e9 d\u2019utilisation<\/strong><br \/>\nConvient aussi bien aux signaux audio, aux tensions de contr\u00f4le qu\u2019aux triggers ou gates, le module devient un hub de distribution universel pour tous les types de signaux de votre syst\u00e8me.<\/li>\n<\/ul>\n<p>Gr\u00e2ce \u00e0 son buffering pr\u00e9cis et \u00e0 son encombrement minimal, le Slimline Single Buffered Multiple est un \u00e9l\u00e9ment essentiel pour tous ceux qui souhaitent garder leurs patchs Eurorack transparents, stables et reproductibles.<\/p>\n","protected":false},"excerpt":{"rendered":"<ul>\n<li>Module<\/li>\n<li>C\u00e2ble bus 16\u00a0broches\/16\u00a0broches, 30\u00a0cm<\/li>\n<li>2x vis M2.5&#215;9 cruciformes<\/li>\n<li>2x vis M3x9 cruciformes<\/li>\n<\/ul>\n<p><a href=\"https:\/\/shop.catsynth.de\/wp-content\/uploads\/2025\/12\/Manual-1.pdf\">Manuel Slimline Single Buffered Multiple (PDF)<\/a><\/p>\n","protected":false},"featured_media":3186,"comment_status":"open","ping_status":"closed","template":"","meta":[],"product_brand":[],"product_cat":[189,192],"product_tag":[],"class_list":{"0":"post-3091","1":"product","2":"type-product","3":"status-publish","4":"has-post-thumbnail","6":"product_cat-modules-eurorack","7":"product_cat-slimlime","9":"first","10":"instock","11":"purchasable","12":"product-type-simple"},"_links":{"self":[{"href":"https:\/\/shop.catsynth.de\/fr\/wp-json\/wp\/v2\/product\/3091","targetHints":{"allow":["GET"]}}],"collection":[{"href":"https:\/\/shop.catsynth.de\/fr\/wp-json\/wp\/v2\/product"}],"about":[{"href":"https:\/\/shop.catsynth.de\/fr\/wp-json\/wp\/v2\/types\/product"}],"replies":[{"embeddable":true,"href":"https:\/\/shop.catsynth.de\/fr\/wp-json\/wp\/v2\/comments?post=3091"}],"wp:featuredmedia":[{"embeddable":true,"href":"https:\/\/shop.catsynth.de\/fr\/wp-json\/wp\/v2\/media\/3186"}],"wp:attachment":[{"href":"https:\/\/shop.catsynth.de\/fr\/wp-json\/wp\/v2\/media?parent=3091"}],"wp:term":[{"taxonomy":"product_brand","embeddable":true,"href":"https:\/\/shop.catsynth.de\/fr\/wp-json\/wp\/v2\/product_brand?post=3091"},{"taxonomy":"product_cat","embeddable":true,"href":"https:\/\/shop.catsynth.de\/fr\/wp-json\/wp\/v2\/product_cat?post=3091"},{"taxonomy":"product_tag","embeddable":true,"href":"https:\/\/shop.catsynth.de\/fr\/wp-json\/wp\/v2\/product_tag?post=3091"}],"curies":[{"name":"wp","href":"https:\/\/api.w.org\/{rel}","templated":true}]}}