{"id":3132,"date":"2025-12-13T12:25:50","date_gmt":"2025-12-13T12:25:50","guid":{"rendered":"https:\/\/shop.catsynth.de\/?post_type=product&#038;p=3132"},"modified":"2026-01-28T20:48:40","modified_gmt":"2026-01-28T20:48:40","slug":"slimline-dc-blocker","status":"publish","type":"product","link":"https:\/\/shop.catsynth.de\/fr\/produkt\/slimline-dc-blocker\/","title":{"rendered":"Slimline DC Blocker"},"content":{"rendered":"<h1><strong data-start=\"1041\" data-end=\"1119\">Slimline DC Blocker<\/strong><\/h1>\n<h3><strong data-start=\"1041\" data-end=\"1119\">4\u00d7 filtre d\u2019offset DC (couplage AC) pour Eurorack en 2HP<\/strong><\/h3>\n<p>\u00c9liminez de fa\u00e7on fiable <strong data-start=\"102\" data-end=\"140\">les composantes continues (offset DC)<\/strong> des <strong data-start=\"145\" data-end=\"182\">signaux audio, subaudio et CV<\/strong> \u2013 et remettez de l\u2019ordre dans des cha\u00eenes de patch qui, autrement, peuvent \u00eatre d\u00e9r\u00e9gl\u00e9es par des offsets invisibles. Le Slimline DC Blocker pr\u00e9serve le c\u0153ur musical de vos signaux : il <strong data-start=\"360\" data-end=\"385\">supprime proprement le DC<\/strong>, maintient une <strong data-start=\"396\" data-end=\"437\">bande passante neutre (gain unitaire)<\/strong> et permet aux modules en aval (mixers, VCA, filtres, compresseurs, waveshapers) de fonctionner <strong data-start=\"528\" data-end=\"557\">de mani\u00e8re stable et reproductible<\/strong>.<\/p>\n<p>Particuli\u00e8rement avec des modulations tr\u00e8s lentes, ou lorsque la saturation\/la distorsion \u00ab g\u00e9n\u00e8re \u00bb aussi des offsets, le DC Blocker vous aide \u00e0 <strong data-start=\"688\" data-end=\"717\">r\u00e9cup\u00e9rer du headroom<\/strong>, \u00e0 <strong data-start=\"719\" data-end=\"757\">r\u00e9duire les artefacts de clic\/pop<\/strong> et \u00e0 rendre les <strong data-start=\"762\" data-end=\"775\">sommes de CV<\/strong> \u00e0 nouveau pr\u00e9cises. Gr\u00e2ce \u00e0 une <strong data-start=\"807\" data-end=\"840\">topologie Butterworth active<\/strong>, le comportement dans la bande passante reste plat et discret, tandis que des <strong data-start=\"906\" data-end=\"960\">sorties bufferis\u00e9es \u00e0 faible imp\u00e9dance de sortie<\/strong> alimentent proprement m\u00eame de longues cha\u00eenes de patch \u2013 id\u00e9al en studio comme sur sc\u00e8ne.<\/p>\n<h3>Pourquoi un DC Blocker ?<\/h3>\n<ul>\n<li>Moins de clics &amp; de pompage dans les VCA\/compresseurs quand des offsets se glissent dans la cha\u00eene<\/li>\n<li>Plus de headroom : le DC grignote la marge dans les mixeurs, VCA et filtres<\/li>\n<li>Sommes de CV &amp; signaux subaudio propres, sans d\u00e9rive\/erreurs d\u2019offset<\/li>\n<\/ul>\n<h3>2HP compact \u2013 4 canaux pour un routage propre<\/h3>\n<p>Quatre voies pour un traitement parall\u00e8le, une bonne hygi\u00e8ne de patch et une circulation de signal propre dans tout le syst\u00e8me \u2013 et cela malgr\u00e9 une largeur ultra-compacte de <strong data-start=\"125\" data-end=\"132\">2HP<\/strong>. Le Slimline DC Blocker vous offre <strong data-start=\"174\" data-end=\"201\">quatre canaux ind\u00e9pendants<\/strong>, afin de ne pas corriger les offsets \u00ab quelque part \u00bb, mais pr\u00e9cis\u00e9ment l\u00e0 o\u00f9 ils apparaissent ou g\u00eanent : avant le mixeur, apr\u00e8s un waveshaper, dans une somme de CV ou juste avant la cha\u00eene d\u2019enregistrement. Vous pouvez ainsi stabiliser plusieurs points du patch en m\u00eame temps, sans devoir rebrancher sans cesse ni ne \u00ab soigner \u00bb qu\u2019une seule source de probl\u00e8me.<\/p>\n<p>Dans les syst\u00e8mes Eurorack denses, c\u2019est pr\u00e9cieux : vous utilisez un seul emplacement, tr\u00e8s peu de place, et vous disposez pourtant d\u2019assez de canaux pour garder audio, subaudio et CV propres en parall\u00e8le \u2013 pour des routages structur\u00e9s, des r\u00e9sultats reproductibles et moins de surprises au prochain changement de patch.<\/p>\n<h3>Deux r\u00e9glages : High Fidelity &amp; Fast Settle<\/h3>\n<ul>\n<li>2\u00d7 High Fidelity \u2013 fc \u2248 0,1 Hz : fid\u00e9lit\u00e9 maximale m\u00eame \u00e0 tr\u00e8s basses fr\u00e9quences<\/li>\n<li>2\u00d7 Fast Settle \u2013 fc \u2248 1 Hz : temps de stabilisation plus court, id\u00e9al quand l\u2019offset doit dispara\u00eetre rapidement (p. ex. apr\u00e8s saturation\/FX)<\/li>\n<\/ul>\n<h3>Passe-haut Butterworth actif, gain unitaire<\/h3>\n<p>Discret \u00e0 l\u2019\u00e9coute, cela signifie avec le Slimline DC Blocker : l\u2019\u00e9limination du DC se fait <strong data-start=\"80\" data-end=\"108\">de mani\u00e8re pr\u00e9cise et contr\u00f4l\u00e9e<\/strong>, sans que votre signal soit \u00ab aminci \u00bb, sans d\u00e9caler son niveau, ni d\u00e9former son comportement en fonction de la charge du patch suivant. Beaucoup de <strong data-start=\"254\" data-end=\"275\">filtres RC passifs<\/strong> typiques semblent simples sur le papier, mais en pratique ils d\u00e9pendent fortement des entr\u00e9es connect\u00e9es et des capacit\u00e9s des c\u00e2bles \u2013 la fr\u00e9quence de coupure se d\u00e9place, le comportement \u00e0 l\u2019\u00e9tablissement change, et selon le patch on peut obtenir des changements subtils (ou parfois marqu\u00e9s) dans le grave\/subaudio, les transitoires et la \u00ab solidit\u00e9 \u00bb per\u00e7ue du signal.<\/p>\n<p>La <strong data-start=\"643\" data-end=\"668\">topologie Butterworth active<\/strong> du Slimline DC Blocker est au contraire con\u00e7ue pour rester <strong data-start=\"744\" data-end=\"763\">aussi plate que possible<\/strong> dans la bande passante (gain unitaire) et pour fournir un <strong data-start=\"796\" data-end=\"843\">comportement d\u2019amplitude et de phase d\u00e9fini<\/strong> : vous obtenez un couplage AC propre qui s\u2019entend comme \u00ab rien \u00bb \u2013 si ce n\u2019est que les offsets ind\u00e9sirables disparaissent. Avec des signaux sensibles comme des modulations lentes, des \u00e9volutions proches du subaudio, ou de l\u2019audio d\u00e9j\u00e0 pass\u00e9 par saturation, wavefolding ou des sommes complexes, cela fait la diff\u00e9rence : moins de coloration inattendue, moins d\u2019effets secondaires d\u00e9pendants du patch et un comportement globalement plus stable et reproductible \u2013 exactement ce qu\u2019on attend d\u2019un utilitaire Always\u2011On.<\/p>\n<h3>Sorties bufferis\u00e9es, faible imp\u00e9dance de sortie<\/h3>\n<p>Alimenter de mani\u00e8re stable les \u00e9tages suivants signifie ici : vous obtenez <strong data-start=\"65\" data-end=\"105\">un v\u00e9ritable driver de sortie actif<\/strong> plut\u00f4t qu\u2019un simple d\u00e9couplage RC passif. Avec des <strong data-start=\"163\" data-end=\"186\">filtres RC passifs<\/strong> typiques, la caract\u00e9ristique effective d\u00e9pend fortement de ce qui suit \u2013 imp\u00e9dances d\u2019entr\u00e9e, charges capacitives dues \u00e0 de longs c\u00e2bles de patch, mults, le mixeur ou le VCA suivant. Cela peut entra\u00eener une <strong data-start=\"374\" data-end=\"390\">perte de niveau<\/strong>, un grave\/subaudio \u00ab mou \u00bb, des <strong data-start=\"430\" data-end=\"448\">constantes de temps<\/strong> inattendues, des fr\u00e9quences de coupure d\u00e9plac\u00e9es et, dans le pire des cas, des changements audibles lorsqu\u2019on rebranche.<\/p>\n<p>Le Slimline DC Blocker fonctionne au contraire avec des <strong data-start=\"587\" data-end=\"643\">sorties bufferis\u00e9es et une faible imp\u00e9dance de sortie<\/strong> : l\u2019\u00e9tage de filtrage est d\u00e9coupl\u00e9 de la charge, de sorte que le comportement reste <strong data-start=\"717\" data-end=\"745\">constant et pr\u00e9visible<\/strong> \u2013 m\u00eame si vous utilisez de longs c\u00e2bles, alimentez plusieurs destinations ou travaillez dans des cha\u00eenes de patch complexes. R\u00e9sultat : une circulation de signal propre, sans \u00ab lecture \u00bb involontaire du circuit suivant, moins de diaphonie et moins de risque que votre correction d\u2019offset DC \u00ab se d\u00e9cale \u00bb au prochain changement de patch. Bref : une suppression du DC qui se comporte comme un utilitaire robuste \u2013 pas comme un compromis fragile qui r\u00e9agit diff\u00e9remment d\u2019un patch \u00e0 l\u2019autre.<\/p>\n<h3>Applications typiques<\/h3>\n<ul>\n<li>Supprimer l\u2019offset DC apr\u00e8s wavefolder\/distorsion\/saturation<\/li>\n<li>Corriger la d\u00e9rive du subaudio\/LFO avant le mixage<\/li>\n<li>Garder les chemins de signal \u00ab propres \u00bb avant l\u2019enregistrement \/ l\u2019interface audio<\/li>\n<\/ul>\n","protected":false},"excerpt":{"rendered":"<ul>\n<li>Module<\/li>\n<li>C\u00e2ble bus 16\u00a0broches\/16\u00a0broches, 30\u00a0cm<\/li>\n<li>2\u00d7 vis M2,5\u00d79 cruciforme<\/li>\n<li>2\u00d7 vis M3\u00d79 cruciforme<\/li>\n<\/ul>\n<p><a href=\"https:\/\/shop.catsynth.de\/wp-content\/uploads\/2025\/12\/Manual-5.pdf\">Manuel du Slimline DC Blocker<\/a><\/p>\n","protected":false},"featured_media":3164,"comment_status":"open","ping_status":"closed","template":"","meta":[],"product_brand":[],"product_cat":[189,192],"product_tag":[],"class_list":{"0":"post-3132","1":"product","2":"type-product","3":"status-publish","4":"has-post-thumbnail","6":"product_cat-modules-eurorack","7":"product_cat-slimlime","9":"first","10":"instock","11":"purchasable","12":"product-type-simple"},"_links":{"self":[{"href":"https:\/\/shop.catsynth.de\/fr\/wp-json\/wp\/v2\/product\/3132","targetHints":{"allow":["GET"]}}],"collection":[{"href":"https:\/\/shop.catsynth.de\/fr\/wp-json\/wp\/v2\/product"}],"about":[{"href":"https:\/\/shop.catsynth.de\/fr\/wp-json\/wp\/v2\/types\/product"}],"replies":[{"embeddable":true,"href":"https:\/\/shop.catsynth.de\/fr\/wp-json\/wp\/v2\/comments?post=3132"}],"wp:featuredmedia":[{"embeddable":true,"href":"https:\/\/shop.catsynth.de\/fr\/wp-json\/wp\/v2\/media\/3164"}],"wp:attachment":[{"href":"https:\/\/shop.catsynth.de\/fr\/wp-json\/wp\/v2\/media?parent=3132"}],"wp:term":[{"taxonomy":"product_brand","embeddable":true,"href":"https:\/\/shop.catsynth.de\/fr\/wp-json\/wp\/v2\/product_brand?post=3132"},{"taxonomy":"product_cat","embeddable":true,"href":"https:\/\/shop.catsynth.de\/fr\/wp-json\/wp\/v2\/product_cat?post=3132"},{"taxonomy":"product_tag","embeddable":true,"href":"https:\/\/shop.catsynth.de\/fr\/wp-json\/wp\/v2\/product_tag?post=3132"}],"curies":[{"name":"wp","href":"https:\/\/api.w.org\/{rel}","templated":true}]}}